{"id":495,"date":"2018-05-23T09:12:30","date_gmt":"2018-05-23T09:12:30","guid":{"rendered":"https:\/\/caransebes.kolping.ro\/?page_id=495"},"modified":"2026-04-16T06:36:21","modified_gmt":"2026-04-16T06:36:21","slug":"dining","status":"publish","type":"page","link":"https:\/\/caransebes.kolping.ro\/en\/dining\/","title":{"rendered":"Restaurant"},"content":{"rendered":"<div class=\"brz-root__container brz-reset-all\">\n<section data-uid=\"lVtL0liA9S\" id=\"lVtL0liA9S\" class=\"brz-section brz-css-miexc\">\n<div class=\"brz-section__content brz-section--boxed brz-css-igezl brz-css-yoygi\" data-custom-id=\"LHecma2sEB\">\n<div class=\"brz-container brz-css-bnorj\">\n<div class=\"brz-css-gvhdo brz-css-nzfir brz-wrapper\">\n<div class=\"brz-rich-text brz-rich-text__custom brz-css-yqddv\" data-custom-id=\"2qdLbkfM24\">\n<div>\n<p class=\"brz-css-yhasz\" data-generated-css=\"brz-css-akzkk\" data-uniq-id=\"cpoqi\">DINING<\/p>\n<\/div>\n<\/div>\n<\/div>\n<div class=\"brz-row__container brz-css-xencd\" data-custom-id=\"WVxcSSfDQk\">\n<div class=\"brz-bg overflow-hidden absolute top-0 left-0 w-full h-full\"><\/div>\n<div class=\"brz-row brz-css-kwcvz brz-css-vjpkm\">\n<div class=\"brz-columns brz-css-dsgix brz-css-cmkrd\" data-custom-id=\"pv_Nol9tYI\">\n<div class=\"brz-bg overflow-hidden absolute top-0 left-0 w-full h-full\"><\/div>\n<div class=\"brz-column__items brz-css-tydgg\">\n<div class=\"brz-css-gvhdo brz-wrapper\">\n<div class=\"brz-rich-text brz-rich-text__custom brz-css-yqddv\" data-custom-id=\"FO6gY8fjSH\">\n<div>\n<h2 class=\"brz-css-uiwep\"><span class=\"brz-cp-color2\">Restaurant<\/span><\/h2>\n<\/div>\n<\/div>\n<\/div>\n<\/div>\n<\/div>\n<div class=\"brz-columns brz-css-dsgix brz-css-cwtkk\" data-custom-id=\"PU2I~tXFkN\">\n<div class=\"brz-bg overflow-hidden absolute top-0 left-0 w-full h-full\"><\/div>\n<div class=\"brz-column__items brz-css-tydgg brz-css-earzj\">\n<div class=\"brz-css-gvhdo brz-css-wdnew brz-wrapper\">\n<div class=\"brz-image brz-css-izbcv\"><img decoding=\"async\" class=\"brz-img\" src=\"https:\/\/caransebes.kolping.ro\/wp-content\/uploads\/brizy\/imgs\/and-bg-symbol-2-143x282x0x113x143x169x1629972008.png\" alt=\"\" loading=\"lazy\" \/><\/div>\n<\/div>\n<\/div>\n<\/div>\n<div class=\"brz-columns brz-css-dsgix brz-css-rblxs\" data-custom-id=\"BtaxAdC3FG\">\n<div class=\"brz-bg overflow-hidden absolute top-0 left-0 w-full h-full\"><\/div>\n<div class=\"brz-column__items brz-css-tydgg\">\n<div class=\"brz-css-gvhdo brz-wrapper\">\n<div class=\"brz-rich-text brz-rich-text__custom brz-css-yqddv\" data-custom-id=\"GYgDq7LwYy\">\n<div>\n<h2 class=\"brz-css-hvyum\" data-uniq-id=\"hvadr\" data-generated-css=\"brz-css-jrugv\">Menu<\/h2>\n<\/div>\n<\/div>\n<\/div>\n<\/div>\n<\/div>\n<\/div>\n<\/div>\n<div class=\"brz-css-gvhdo brz-css-cwauh brz-wrapper\">\n<div class=\"brz-rich-text brz-rich-text__custom brz-css-yqddv\" data-custom-id=\"GcXWSYG30C\">\n<div>\n<p class=\"brz-css-kyuio\" data-uniq-id=\"krntq\" data-generated-css=\"brz-css-zjnwq\"><\/p>\n<\/div>\n<\/div>\n<\/div>\n<\/div>\n<\/div>\n<\/section>\n<section data-uid=\"52FIYJRBmu\" id=\"52FIYJRBmu\" class=\"brz-section brz-css-miexc\">\n<div class=\"brz-section__content brz-section--boxed brz-css-igezl brz-css-rvfic\" data-custom-id=\"rRV1StTXl3\">\n<div class=\"brz-bg overflow-hidden absolute top-0 left-0 w-full h-full\">\n<div class=\"brz-bg-color absolute top-0 left-0 w-full h-full\"><\/div>\n<\/div>\n<div class=\"brz-container brz-css-bnorj brz-css-vahqr\">\n<div class=\"brz-css-gvhdo brz-wrapper\">\n<div data-action=\"click\" class=\"brz-tabs brz-tabs--horizontal brz-tabs--style-1 brz-tabs--left brz-css-ucsrs brz-css-dlgui\" data-custom-id=\"jJMbqs7E3Z\">\n<ul class=\"brz-tabs__nav brz-tabs__nav--horizontal brz-tabs__nav--style-1 brz-tabs__nav--left\">\n<li class=\"brz-tabs__nav--item brz-tabs__nav--desktop brz-tabs__nav--active\">\n<div class=\"brz-tabs__nav--button\"><span class=\"brz-span brz-text__editor\">\u00a0\u00a0 DINING\u00a0 \u00a0\u00a0<\/span><\/div>\n<\/li>\n<li class=\"brz-tabs__nav--item brz-tabs__nav--desktop\">\n<div class=\"brz-tabs__nav--button\"><span class=\"brz-span brz-text__editor\">TERRACE<\/span><\/div>\n<\/li>\n<\/ul>\n<div class=\"brz-tabs__content brz-tabs__content--horizontal brz-tabs__content--style-1 brz-tabs__content--left\">\n<div class=\"brz-tabs__items brz-tabs__items--active\">\n<div class=\"brz-tabs__nav--mobile brz-tabs__nav--mobile--active\">\n<div class=\"brz-tabs__nav--button\">\u00a0\u00a0 DINING\u00a0 \u00a0\u00a0<\/div>\n<\/div>\n<div class=\"brz-tabs__item--content\">\n<div class=\"brz-d-xs-flex brz-flex-xs-column\">\n<div class=\"brz-row__container brz-css-xencd\" data-custom-id=\"g045SRwS97\">\n<div class=\"brz-bg overflow-hidden absolute top-0 left-0 w-full h-full\"><\/div>\n<div class=\"brz-row brz-css-kwcvz brz-css-vjpkm\">\n<div class=\"brz-columns brz-css-dsgix brz-css-gjgqf\" data-custom-id=\"She8PUg7sz\">\n<div class=\"brz-bg overflow-hidden absolute top-0 left-0 w-full h-full\">\n<div class=\"brz-bg-image absolute top-0 left-0 w-full h-full bg-no-repeat bg-cover\"><\/div>\n<\/div>\n<div class=\"brz-column__items brz-css-tydgg\">\n<div class=\"brz-css-gvhdo brz-css-joost brz-wrapper\">\n<div class=\"brz-spacer brz-css-flnsf brz-css-yvbvy\"><\/div>\n<\/div>\n<\/div>\n<\/div>\n<div class=\"brz-columns brz-css-dsgix brz-css-xhgzi\" data-custom-id=\"bo0vcHKfFP\">\n<div class=\"brz-bg overflow-hidden absolute top-0 left-0 w-full h-full\">\n<div class=\"brz-bg-color absolute top-0 left-0 w-full h-full\"><\/div>\n<\/div>\n<div class=\"brz-column__items brz-css-tydgg brz-css-xtjou\">\n<div class=\"brz-css-gvhdo brz-css-qwels brz-wrapper\">\n<div class=\"brz-rich-text brz-rich-text__custom brz-css-yqddv\" data-custom-id=\"fOsUSVeR63\">\n<div>\n<h2 class=\"brz-css-xnyjq\" data-uniq-id=\"oatfz\" data-generated-css=\"brz-css-pskul\">DINING<\/h2>\n<\/div>\n<\/div>\n<\/div>\n<div class=\"brz-css-gvhdo brz-css-joost brz-wrapper\">\n<div class=\"brz-spacer brz-css-flnsf brz-css-cdbca\"><\/div>\n<\/div>\n<div class=\"brz-css-gvhdo brz-wrapper\">\n<div class=\"brz-rich-text brz-rich-text__custom brz-css-yqddv\" data-custom-id=\"RGrhXZIrtP\">\n<div>\n<p class=\"brz-css-dyalb\" data-generated-css=\"brz-css-giqji\" data-uniq-id=\"zuyqj\"><span>Restaurantul are o capacitate standard de 56 de locuri \u0219i o capacitate maxim\u0103 de 100 de locuri. V\u0103 oferim meniuri specifice zonei, re\u021bete tradi\u021bionale din Banat, dar \u0219i specialit\u0103\u021bi continentale.  <\/span><\/p>\n<\/div>\n<\/div>\n<\/div>\n<\/div>\n<\/div>\n<\/div>\n<\/div>\n<\/div>\n<\/div>\n<\/div>\n<div class=\"brz-tabs__items\">\n<div class=\"brz-tabs__nav--mobile\">\n<div class=\"brz-tabs__nav--button\">TERRACE<\/div>\n<\/div>\n<div class=\"brz-tabs__item--content\">\n<div class=\"brz-d-xs-flex brz-flex-xs-column\">\n<div class=\"brz-row__container brz-css-xencd\" data-custom-id=\"IToAoWzGgA\">\n<div class=\"brz-bg overflow-hidden absolute top-0 left-0 w-full h-full\"><\/div>\n<div class=\"brz-row brz-css-kwcvz brz-css-vjpkm\">\n<div class=\"brz-columns brz-css-dsgix brz-css-zlhlo\" data-custom-id=\"4bSx1_65EO\">\n<div class=\"brz-bg overflow-hidden absolute top-0 left-0 w-full h-full\">\n<div class=\"brz-bg-color absolute top-0 left-0 w-full h-full\"><\/div>\n<\/div>\n<div class=\"brz-column__items brz-css-tydgg brz-css-cfgmw\">\n<div class=\"brz-css-gvhdo brz-css-zepue brz-wrapper\">\n<div class=\"brz-rich-text brz-rich-text__custom brz-css-yqddv\" data-custom-id=\"r2wHY0QC9z\">\n<div>\n<h2 class=\"brz-css-mmxix\" data-uniq-id=\"rpzxu\" data-generated-css=\"brz-css-iptrp\">TERRACE<\/h2>\n<\/div>\n<\/div>\n<\/div>\n<div class=\"brz-css-gvhdo brz-css-joost brz-wrapper\">\n<div class=\"brz-spacer brz-css-flnsf brz-css-qollj\"><\/div>\n<\/div>\n<div class=\"brz-css-gvhdo brz-wrapper\">\n<div class=\"brz-rich-text brz-rich-text__custom brz-css-yqddv\" data-custom-id=\"A8BWElYsrP\">\n<div>\n<p class=\"brz-css-bikqi\" data-uniq-id=\"hhjer\" data-generated-css=\"brz-css-dlixd\"><span>Preparatele noastre culinare pot fi savurate la diferite ocazii \u0219i evenimente ce au loc fie \u00een restaurant, fie \u00een aer liber, pe terasa pensiunii sau \u00een gr\u0103din\u0103.<\/span><\/p>\n<\/div>\n<\/div>\n<\/div>\n<\/div>\n<\/div>\n<div class=\"brz-columns brz-css-dsgix brz-css-nyxmq\" data-custom-id=\"TGliR8pot3\">\n<div class=\"brz-bg overflow-hidden absolute top-0 left-0 w-full h-full\">\n<div class=\"brz-bg-image absolute top-0 left-0 w-full h-full bg-no-repeat bg-cover\"><\/div>\n<\/div>\n<div class=\"brz-column__items brz-css-tydgg\">\n<div class=\"brz-css-gvhdo brz-css-joost brz-wrapper\">\n<div class=\"brz-spacer brz-css-flnsf brz-css-lutlg\"><\/div>\n<\/div>\n<\/div>\n<\/div>\n<\/div>\n<\/div>\n<\/div>\n<\/div>\n<\/div>\n<\/div>\n<\/div>\n<\/div>\n<div class=\"brz-row__container brz-css-xencd\" data-custom-id=\"NdLo1HAx86\">\n<div class=\"brz-bg overflow-hidden absolute top-0 left-0 w-full h-full\"><\/div>\n<div class=\"brz-row brz-css-kwcvz brz-css-vjpkm\">\n<div class=\"brz-columns brz-css-dsgix\" data-custom-id=\"wELqQjUU9s\">\n<div class=\"brz-bg overflow-hidden absolute top-0 left-0 w-full h-full\"><\/div>\n<div class=\"brz-column__items brz-css-tydgg\">\n<div class=\"brz-css-gvhdo brz-css-joost brz-wrapper\">\n<div class=\"brz-spacer brz-css-flnsf brz-css-urqaf\"><\/div>\n<\/div>\n<\/div>\n<\/div>\n<div class=\"brz-columns brz-css-dsgix\" data-custom-id=\"KblopWgIg4\">\n<div class=\"brz-bg overflow-hidden absolute top-0 left-0 w-full h-full\"><\/div>\n<div class=\"brz-column__items brz-css-tydgg\">\n<div class=\"brz-css-gvhdo brz-css-joost brz-wrapper\">\n<div class=\"brz-spacer brz-css-flnsf brz-css-hfils\"><\/div>\n<\/div>\n<\/div>\n<\/div>\n<\/div>\n<\/div>\n<\/div>\n<\/div>\n<\/section>\n<section data-uid=\"kxitkjwitugcrligaygrtfprufpbiluovpfh\" id=\"kxitkjwitugcrligaygrtfprufpbiluovpfh\" class=\"brz-section brz-css-miexc brz-css-yemts\">\n<div class=\"brz-slick-slider brz-slick-slider__section\" data-slides-to-show=\"1\" data-slides-to-scroll=\"1\" data-arrows=\"true\" data-dots=\"true\" data-dots-class=\"brz-slick-slider__dots brz-slick-slider__dots--circle\" data-fade=\"false\" data-vertical=\"false\" data-auto-play=\"true\" data-auto-play-speed=\"3000\" data-swipe=\"true\" data-responsive=\"%5B%7B%22breakpoint%22%3A767%2C%22settings%22%3A%7B%22slidesToShow%22%3A1%2C%22slidesToScroll%22%3A1%7D%7D%5D\">\n<div>\n<div class=\"brz-section__content brz-section--boxed brz-css-igezl brz-css-abadu\" data-custom-id=\"slwifklfgddepgdfqkibaearcwzphmowldii\">\n<div class=\"brz-bg overflow-hidden absolute top-0 left-0 w-full h-full\">\n<div class=\"brz-bg-color absolute top-0 left-0 w-full h-full\"><\/div>\n<\/div>\n<div class=\"brz-container brz-css-bnorj\">\n<div class=\"brz-css-gvhdo brz-wrapper\">\n<div class=\"brz-image brz-css-agjnn brz-css-ozumi\"><img decoding=\"async\" class=\"brz-img\" src=\"https:\/\/caransebes.kolping.ro\/wp-content\/uploads\/brizy\/imgs\/mancare-01-Medium-807x571x0x2x807x566x1630045165.png\" alt=\"\" loading=\"lazy\" \/><\/div>\n<\/div>\n<\/div>\n<\/div>\n<\/div>\n<div>\n<div class=\"brz-section__content brz-section--boxed brz-css-igezl brz-css-sirrs\" data-custom-id=\"azrduqjrzpxshtyoacoxssvfymmulptljyrt\">\n<div class=\"brz-bg overflow-hidden absolute top-0 left-0 w-full h-full\">\n<div class=\"brz-bg-color absolute top-0 left-0 w-full h-full\"><\/div>\n<\/div>\n<div class=\"brz-container brz-css-bnorj\">\n<div class=\"brz-css-gvhdo brz-wrapper\">\n<div class=\"brz-image brz-css-fiyvb brz-css-ohafi\"><img decoding=\"async\" class=\"brz-img\" src=\"https:\/\/caransebes.kolping.ro\/wp-content\/uploads\/brizy\/imgs\/mancare-03-Medium-807x571x0x3x807x565x1630045180.png\" alt=\"\" loading=\"lazy\" \/><\/div>\n<\/div>\n<\/div>\n<\/div>\n<\/div>\n<div>\n<div class=\"brz-section__content brz-section--boxed brz-css-igezl brz-css-poozu\" data-custom-id=\"osfdmcavkavfmvalwbtwskxmueolkudoqxur\">\n<div class=\"brz-bg overflow-hidden absolute top-0 left-0 w-full h-full\">\n<div class=\"brz-bg-color absolute top-0 left-0 w-full h-full\"><\/div>\n<\/div>\n<div class=\"brz-container brz-css-bnorj\">\n<div class=\"brz-css-gvhdo brz-wrapper\">\n<div class=\"brz-image brz-css-pwrsx brz-css-iqdgf\"><img decoding=\"async\" class=\"brz-img\" src=\"https:\/\/caransebes.kolping.ro\/wp-content\/uploads\/brizy\/imgs\/mancare-02-Medium-807x571x0x3x807x565x1630045173.png\" alt=\"\" loading=\"lazy\" \/><\/div>\n<\/div>\n<\/div>\n<\/div>\n<\/div>\n<div>\n<div class=\"brz-section__content brz-section--boxed brz-css-igezl brz-css-swcap\" data-custom-id=\"jxslihwlbvjrioehnpjvydvudehydgpwwoiu\">\n<div class=\"brz-bg overflow-hidden absolute top-0 left-0 w-full h-full\">\n<div class=\"brz-bg-color absolute top-0 left-0 w-full h-full\"><\/div>\n<\/div>\n<div class=\"brz-container brz-css-bnorj\">\n<div class=\"brz-css-gvhdo brz-wrapper\">\n<div class=\"brz-image brz-css-mewmb brz-css-gbdvs\"><img decoding=\"async\" class=\"brz-img\" src=\"https:\/\/caransebes.kolping.ro\/wp-content\/uploads\/brizy\/imgs\/mancare-04-Medium-807x571x0x3x807x565x1630045187.png\" alt=\"\" loading=\"lazy\" \/><\/div>\n<\/div>\n<\/div>\n<\/div>\n<\/div>\n<p><title>tail<\/title>\n<\/div>\n<\/section>\n<section data-uid=\"LRjACOEiGh\" id=\"LRjACOEiGh\" class=\"brz-section brz-css-miexc\">\n<div class=\"brz-section__content brz-section--boxed brz-css-igezl brz-css-pkrbd\" data-custom-id=\"E1mO_KyOOU\">\n<div class=\"brz-container brz-css-bnorj brz-css-bkvnk\">\n<div class=\"brz-row__container brz-css-xencd\" data-custom-id=\"jszqfmvemxdlwsqqwyjwaxevdjleypzxyhze\">\n<div class=\"brz-bg overflow-hidden absolute top-0 left-0 w-full h-full\"><\/div>\n<div class=\"brz-row brz-css-kwcvz brz-css-vjpkm\">\n<div class=\"brz-columns brz-css-dsgix brz-css-cpmij\" data-custom-id=\"bakybwlxtfyjwyzogqauoaertqiekbzidltu\">\n<div class=\"brz-bg overflow-hidden absolute top-0 left-0 w-full h-full\"><\/div>\n<div class=\"brz-column__items brz-css-tydgg\">\n<div class=\"brz-row__container brz-css-xencd\" data-custom-id=\"nxlnbxytknxssqbhnsgvfkxfzigzxwyfqexf\">\n<div class=\"brz-bg overflow-hidden absolute top-0 left-0 w-full h-full\"><\/div>\n<div class=\"brz-row brz-row--inner brz-css-kwcvz brz-css-vjpkm\">\n<div class=\"brz-columns brz-css-dsgix brz-css-tqsac\" data-custom-id=\"nnhoadhpliubhqtrgfkockqmvkgoooxzfuzi\">\n<div class=\"brz-bg overflow-hidden absolute top-0 left-0 w-full h-full\"><\/div>\n<div class=\"brz-column__items brz-css-tydgg\">\n<div class=\"brz-css-gvhdo brz-wrapper\">\n<div class=\"brz-image brz-css-kdsco\"><a class=\"brz-a\" href=\"\/wp-content\/uploads\/2023\/12\/Pranz.pdf\" target=\"_blank\" rel=\"nofollow noopener\" data-brz-link-type=\"external\" id data-custom-id=\"tahplpdltegbpgskarlyifshedsnbigkyett\"><img decoding=\"async\" class=\"brz-img\" src=\"https:\/\/caransebes.kolping.ro\/wp-content\/uploads\/brizy\/imgs\/MENIU-07-264x178x0x0x264x178x1630047551.png\" alt=\"\" loading=\"lazy\" \/><\/a><\/div>\n<\/div>\n<\/div>\n<\/div>\n<div class=\"brz-columns brz-css-dsgix brz-css-mmzxv\" data-custom-id=\"lizdeiyirqgshhqgbskfrhcumqaxspqttxfk\">\n<div class=\"brz-bg overflow-hidden absolute top-0 left-0 w-full h-full\"><\/div>\n<div class=\"brz-column__items brz-css-tydgg\">\n<div class=\"brz-css-gvhdo brz-wrapper\">\n<div class=\"brz-image brz-css-fhmti\"><a class=\"brz-a\" href=\"\/wp-content\/uploads\/2023\/12\/Cina.pdf\" target=\"_blank\" rel=\"nofollow noopener\" data-brz-link-type=\"external\" id data-custom-id=\"grztqhdtktgpzovzayrzdoofkmoebmophztk\"><img decoding=\"async\" class=\"brz-img\" src=\"https:\/\/caransebes.kolping.ro\/wp-content\/uploads\/brizy\/imgs\/MENIU-05-264x178x0x0x264x178x1630047565.png\" alt=\"\" loading=\"lazy\" \/><\/a><\/div>\n<\/div>\n<\/div>\n<\/div>\n<div class=\"brz-columns brz-css-dsgix brz-css-ipopl\" data-custom-id=\"avkkiaooagwdtkudawftiunmjpxgbqdbgsst\">\n<div class=\"brz-bg overflow-hidden absolute top-0 left-0 w-full h-full\"><\/div>\n<div class=\"brz-column__items brz-css-tydgg\">\n<div class=\"brz-css-gvhdo brz-wrapper\">\n<div class=\"brz-image brz-css-aabpq\"><a class=\"brz-a\" href=\"\/wp-content\/uploads\/2023\/12\/Cafea.pdf\" target=\"_blank\" rel=\"nofollow noopener\" data-brz-link-type=\"external\" id data-custom-id=\"hdwqkiurqiklbbnykostogilscezbpttuzqo\"><img decoding=\"async\" class=\"brz-img\" src=\"https:\/\/caransebes.kolping.ro\/wp-content\/uploads\/brizy\/imgs\/MENIU-06-269x179x2x0x265x179x1630047579.png\" alt=\"\" loading=\"lazy\" \/><\/a><\/div>\n<\/div>\n<\/div>\n<\/div>\n<\/div>\n<\/div>\n<\/div>\n<\/div>\n<\/div>\n<\/div>\n<div class=\"brz-css-gvhdo brz-wrapper\">\n<div class=\"brz-line brz-line-default brz-css-prirb brz-css-dyeqy\" data-custom-id=\"gdnftwkdrqyvrgnlrsohkzjkvvwweagbpjyr\">\n<hr class=\"brz-hr\" \/><\/div>\n<\/div>\n<div class=\"brz-row__container brz-css-xencd\" data-custom-id=\"fxbgjprtajxeclnzhlpecfsmzhoizvcnsrsn\">\n<div class=\"brz-bg overflow-hidden absolute top-0 left-0 w-full h-full\"><\/div>\n<div class=\"brz-row brz-css-kwcvz brz-css-vjpkm\">\n<div class=\"brz-columns brz-css-dsgix brz-css-vbahv\" data-custom-id=\"mimilpgvqouaptxoqtulpqlgsejlbcvhmbec\">\n<div class=\"brz-bg overflow-hidden absolute top-0 left-0 w-full h-full\"><\/div>\n<div class=\"brz-column__items brz-css-tydgg\">\n<div class=\"brz-css-gvhdo brz-css-joost brz-wrapper\">\n<div class=\"brz-spacer brz-css-flnsf\"><\/div>\n<\/div>\n<div class=\"brz-css-gvhdo brz-css-rxneq brz-wrapper\">\n<div class=\"brz-rich-text brz-rich-text__custom brz-css-yqddv\" data-custom-id=\"FaZP934oEZ\">\n<div>\n<p class=\"brz-css-ieskg\" data-uniq-id=\"lvssu\" data-generated-css=\"brz-css-gdpqd\"><span>OUR REVIEWS<\/span><\/p>\n<\/div>\n<\/div>\n<\/div>\n<div class=\"brz-css-gvhdo brz-wrapper\">\n<div class=\"brz-rich-text brz-rich-text__custom brz-css-yqddv\" data-custom-id=\"rlPbM59Nn4\">\n<div>\n<h3 class=\"brz-css-mkyut\" data-uniq-id=\"hlgiw\" data-generated-css=\"brz-css-strri\"><span class=\"brz-cp-color2\">What guests are saying:<\/span><\/h3>\n<\/div>\n<\/div>\n<\/div>\n<div class=\"brz-css-gvhdo brz-wrapper\">\n<div class=\"brz-rich-text brz-rich-text__custom brz-css-yqddv\" data-custom-id=\"ebtbocahaqigjtbamoxmrhgvwigjfzuhtpty\">\n<div>\n<p class=\"brz-css-ueqeo\" data-uniq-id=\"ehare\" data-generated-css=\"brz-css-qmlbl\"><em class=\"brz-cp-color7\">&#8222;V\u0103 mul\u021bumim pentru primirea c\u0103lduroas\u0103. M\u00e2ncarea a fost delicioas\u0103, iar camera curat\u0103. V\u0103 apreciem!&#8221;<\/em><\/p>\n<\/div>\n<\/div>\n<\/div>\n<\/div>\n<\/div>\n<div class=\"brz-columns brz-css-dsgix brz-css-vieku\" data-custom-id=\"xhcxkxqzyhrckysmaqeuaugtnulupfxwjffc\">\n<div class=\"brz-bg overflow-hidden absolute top-0 left-0 w-full h-full\"><\/div>\n<div class=\"brz-column__items brz-css-tydgg\">\n<div class=\"brz-css-gvhdo brz-wrapper\">\n<div class=\"brz-image brz-css-kxuow\"><img decoding=\"async\" class=\"brz-img\" src=\"https:\/\/caransebes.kolping.ro\/wp-content\/uploads\/brizy\/imgs\/Happy-man-holding-five-rating-stars-01-Medium-231x231x0x0x231x231x1630046410.png\" alt=\"\" loading=\"lazy\" \/><\/div>\n<\/div>\n<\/div>\n<\/div>\n<\/div>\n<\/div>\n<\/div>\n<\/div>\n<\/section>\n<section data-uid=\"qxgximzwytyhcnlcwgqbftkfmtupzljjorid\" id=\"qxgximzwytyhcnlcwgqbftkfmtupzljjorid\" class=\"brz-section brz-css-miexc\">\n<div class=\"brz-section__content brz-section--fullWidth brz-css-igezl brz-css-lgoxv\" data-custom-id=\"ghswapkuarqyodmndrnqhcsziyshmtyfeomn\">\n<div class=\"brz-bg overflow-hidden absolute top-0 left-0 w-full h-full\">\n<div class=\"brz-bg-color absolute top-0 left-0 w-full h-full\"><\/div>\n<\/div>\n<div class=\"brz-container brz-css-bnorj brz-css-rchoc\">\n<div class=\"brz-row__container brz-css-xencd\" data-custom-id=\"kxkhgfnekgtefnwieuzbnuofbqfqpjawfiwm\">\n<div class=\"brz-bg overflow-hidden absolute top-0 left-0 w-full h-full\"><\/div>\n<div class=\"brz-row brz-css-kwcvz brz-css-vjpkm\">\n<div class=\"brz-columns brz-css-dsgix brz-css-tswpo\" data-custom-id=\"apfystntejbvfjuoufwqlwicudmtvlhoficv\">\n<div class=\"brz-bg overflow-hidden absolute top-0 left-0 w-full h-full\"><\/div>\n<div class=\"brz-column__items brz-css-tydgg\">\n<div class=\"brz-wrapper-clone brz-css-kcjru\">\n<div class=\"brz-d-xs-flex brz-flex-xs-wrap brz-css-zetsk\">\n<div class=\"brz-wrapper-clone__item brz-css-vfbvs\" id=\"gtzexglaxtmerssdfjovgvtvbzkrydvnmbps\">\n<div id class=\"brz-icon__container\" data-custom-id=\"gtzexglaxtmerssdfjovgvtvbzkrydvnmbps\"><span class=\"brz-icon brz-span brz-css-lswgg brz-css-spjmv\"><\/span><\/div>\n<\/div>\n<\/div>\n<\/div>\n<\/div>\n<\/div>\n<div class=\"brz-columns brz-css-dsgix brz-css-ehikb\" data-custom-id=\"xzzrnmtycjwvfyaltaxsrkwraucgewkjgwfd\">\n<div class=\"brz-bg overflow-hidden absolute top-0 left-0 w-full h-full\"><\/div>\n<div class=\"brz-column__items brz-css-tydgg\">\n<div class=\"brz-css-gvhdo brz-css-joost brz-wrapper\">\n<div class=\"brz-spacer brz-css-flnsf brz-css-ygzpf\"><\/div>\n<\/div>\n<div class=\"brz-css-gvhdo brz-wrapper\">\n<div class=\"brz-rich-text brz-rich-text__custom brz-css-yqddv\" data-custom-id=\"qsggwoxnhyjgjivnytpwmxvnucsiqrrxgamw\">\n<div>\n<p class=\"brz-css-sohyb\" data-generated-css=\"brz-css-xtxrn\" data-uniq-id=\"qklfg\"><strong class=\"brz-cp-color7\">0757 021 721 <\/strong><\/p>\n<p class=\"brz-css-xkihz\" data-generated-css=\"brz-css-seylq\" data-uniq-id=\"ldyva\"><strong class=\"brz-cp-color7\">caransebes@kolping.ro <\/strong><\/p>\n<\/div>\n<\/div>\n<\/div>\n<\/div>\n<\/div>\n<div class=\"brz-columns brz-css-dsgix brz-css-sqkoe\" data-custom-id=\"ggmfyejaaznwkthjvwbrwgedzcrothzosyuh\">\n<div class=\"brz-bg overflow-hidden absolute top-0 left-0 w-full h-full\"><\/div>\n<div class=\"brz-column__items brz-css-tydgg\">\n<div class=\"brz-css-gvhdo brz-wrapper\">\n<div class=\"brz-rich-text brz-rich-text__custom brz-css-yqddv\" data-custom-id=\"cvmwkbxjtbrkylqybrpfjvpzzzyfckhkqfij\">\n<div>\n<p class=\"brz-css-oofdq\" data-generated-css=\"brz-css-filqj\" data-uniq-id=\"kivla\"><a href=\"https:\/\/caransebes.kolping.ro\/en\/termenisiconditii\/\" class=\"link--external\" data-brz-link-type=\"external\"><strong>Termeni si conditii<\/strong><\/a><\/p>\n<p class=\"brz-css-btfsp\" data-generated-css=\"brz-css-xbvqz\" data-uniq-id=\"oenqd\"><a href=\"http:\/\/www.anpc.gov.ro\/\" target=\"_blank\" class=\"link--external\" data-brz-link-type=\"external\" rel=\"noopener\"><strong>ANPC<\/strong><\/a><strong> <\/strong><\/p>\n<\/div>\n<\/div>\n<\/div>\n<\/div>\n<\/div>\n<div class=\"brz-columns brz-css-dsgix brz-css-ubvxn\" data-custom-id=\"hzzmtvhzcpepcfvzxtqqabufmpxdxjcrbdut\">\n<div class=\"brz-bg overflow-hidden absolute top-0 left-0 w-full h-full\"><\/div>\n<div class=\"brz-column__items brz-css-tydgg\">\n<div class=\"brz-wrapper-clone brz-css-kcjru\">\n<div class=\"brz-d-xs-flex brz-flex-xs-wrap brz-css-zetsk\">\n<div class=\"brz-wrapper-clone__item brz-css-vfbvs\" id=\"pmlufwxdkepreakstfdfqlrgbbekurbwizcd\">\n<div id class=\"brz-icon__container\" data-custom-id=\"pmlufwxdkepreakstfdfqlrgbbekurbwizcd\"><a class=\"brz-a\" href=\"https:\/\/www.facebook.com\/KolpinghausCaransebesPensiune\" target=\"_blank\" rel=\"noopener\" data-brz-link-type=\"external\" id><span class=\"brz-icon brz-span brz-css-lswgg brz-css-dxofs\"><\/span><\/a><\/div>\n<\/div>\n<\/div>\n<\/div>\n<\/div>\n<\/div>\n<div class=\"brz-columns brz-css-dsgix brz-css-ahrbk\" data-custom-id=\"gccxjnxkrrjiqbssyyjlqhudjkoebeudybhr\">\n<div class=\"brz-bg overflow-hidden absolute top-0 left-0 w-full h-full\"><\/div>\n<div class=\"brz-column__items brz-css-tydgg\">\n<div class=\"brz-css-gvhdo brz-css-joost brz-wrapper\">\n<div class=\"brz-spacer brz-css-flnsf brz-css-oeecz\"><\/div>\n<\/div>\n<div class=\"brz-css-gvhdo brz-wrapper\">\n<div class=\"brz-rich-text brz-rich-text__custom brz-css-yqddv\" data-custom-id=\"zqydlnvqwkrwhdpystedlppwlcdsntwygwfp\">\n<div>\n<p class=\"brz-css-saxvm\" data-generated-css=\"brz-css-kbbxa\" data-uniq-id=\"ispdu\"><a href=\"https:\/\/www.facebook.com\/KolpinghausCaransebesPensiune\" target=\"_blank\" class=\"link--external brz-cp-color7\" data-brz-link-type=\"external\" rel=\"noopener\"><strong>Pensiunea Kolping<\/strong><\/a><\/p>\n<\/div>\n<\/div>\n<\/div>\n<\/div>\n<\/div>\n<\/div>\n<\/div>\n<\/div>\n<\/div>\n<\/section>\n<\/div>\n<p><!-- version:1776321381 --><\/p>","protected":false},"excerpt":{"rendered":"<p>RESTAURANT Restaurant Meniu \u00a0\u00a0 RESTAURANT\u00a0 \u00a0\u00a0 TERAS\u0102 \u00a0\u00a0 RESTAURANT\u00a0 \u00a0\u00a0 RESTAURANT Restaurantul are o capacitate standard de 56 de locuri \u0219i o capacitate maxim\u0103 de 100 de locuri. V\u0103 oferim meniuri specifice zonei, re\u021bete tradi\u021bionale din Banat, dar \u0219i specialit\u0103\u021bi continentale. TERAS\u0102 TERAS\u0102 Preparatele noastre culinare pot fi savurate la diferite ocazii \u0219i evenimente ce [&hellip;]<\/p>","protected":false},"author":1,"featured_media":0,"parent":0,"menu_order":0,"comment_status":"closed","ping_status":"closed","template":"visual-builder-template.php","meta":[],"_links":{"self":[{"href":"https:\/\/caransebes.kolping.ro\/en\/wp-json\/wp\/v2\/pages\/495"}],"collection":[{"href":"https:\/\/caransebes.kolping.ro\/en\/wp-json\/wp\/v2\/pages"}],"about":[{"href":"https:\/\/caransebes.kolping.ro\/en\/wp-json\/wp\/v2\/types\/page"}],"author":[{"embeddable":true,"href":"https:\/\/caransebes.kolping.ro\/en\/wp-json\/wp\/v2\/users\/1"}],"replies":[{"embeddable":true,"href":"https:\/\/caransebes.kolping.ro\/en\/wp-json\/wp\/v2\/comments?post=495"}],"version-history":[{"count":27,"href":"https:\/\/caransebes.kolping.ro\/en\/wp-json\/wp\/v2\/pages\/495\/revisions"}],"predecessor-version":[{"id":981,"href":"https:\/\/caransebes.kolping.ro\/en\/wp-json\/wp\/v2\/pages\/495\/revisions\/981"}],"wp:attachment":[{"href":"https:\/\/caransebes.kolping.ro\/en\/wp-json\/wp\/v2\/media?parent=495"}],"curies":[{"name":"wp","href":"https:\/\/api.w.org\/{rel}","templated":true}]}}